{"id":3129,"date":"2017-05-08T07:58:10","date_gmt":"2017-05-08T07:58:10","guid":{"rendered":"https:\/\/themes.themegoods.com\/grandwedding\/demo\/?page_id=3129"},"modified":"2026-02-05T19:44:26","modified_gmt":"2026-02-05T19:44:26","slug":"rsvp","status":"publish","type":"page","link":"https:\/\/www.mariage.milleliri.com\/index.php\/rsvp\/","title":{"rendered":"RSVP"},"content":{"rendered":"<div  class=\"parallax \" style=\"background-image: url(https:\/\/www.mariage.milleliri.com\/wp-content\/uploads\/2026\/01\/d4b9776a-62dc-4d6d-8309-29d1fb2cbe1c-e1769898767644.jpeg);height:80vh; \"><\/div>\n<div  class=\"one withsmallpadding ppb_countdown_image parallax \" style=\"background-position: center center;text-align:center;padding:40px 0 40px 0;\" >\n<div class=\"standard_wrapper\" style=\"positiona:relative;z-index:2;\">\n<div class=\"page_content_wrapper\">\n<div class=\"inner\">\n<div style=\"margin:auto;width:100%\">\n<h2 class=\"ppb_title\" style=\"\">Il reste encore un peu de temps pour r\u00e9pondre<\/h2>\n<div class=\"ppb_header_content\">\n<div id=\"clock1770320666558660958\" data-date=\"2026-03-20\"><\/div>\n<\/div>\n<\/div>\n<\/div>\n<\/div>\n<\/div>\n<\/div>\n<div  class=\"one withsmallpadding ppb_contact_box \" style=\"text-align:center;margin-top:-150px;\" >\n<div class=\"standard_wrapper\">\n<div class=\"page_content_wrapper\">\n<div class=\"inner\">\n<div class=\"inner_box parallax\" style=\"width:65%;margin:auto;background:#ffffff;padding:30px;\" data-stellar-ratio=\"1.2\">\n<div class=\"ppb_header_content\">\n<h1>Jo\u00eblle<br \/>\net<br \/>\nMichel<\/h1>\n<p>\u00a0<\/p>\n<h5 class=\"widgettitle\">16 Mai 2026<\/h5>\n<p>Confirmez-nous votre pr\u00e9sence.<br \/>\nVous pouvez nous pr\u00e9cisez si vous souhaitez un plat v\u00e9g\u00e9tarien ou si vous avez une allergie.<br \/>\nVous pouvez \u00e9galement nous indiquer si vous venez avec vos enfants en pr\u00e9cisant leur \u00e2ge pour que le menu des tout-petits et des ados soit adapt\u00e9. <\/p>\n<\/div>\n<div class=\"contact_form7_wrapper\">\n<div class=\"wpcf7 no-js\" id=\"wpcf7-f3134-o1\" lang=\"en-US\" dir=\"ltr\" data-wpcf7-id=\"3134\">\n<div class=\"screen-reader-response\">\n<p role=\"status\" aria-live=\"polite\" aria-atomic=\"true\">\n<ul><\/ul>\n<\/div>\n<form action=\"\/wp-admin\/post.php#wpcf7-f3134-o1\" method=\"post\" class=\"wpcf7-form init\" aria-label=\"Contact form\" novalidate=\"novalidate\" data-status=\"init\">\n<fieldset class=\"hidden-fields-container\"><input type=\"hidden\" name=\"_wpcf7\" value=\"3134\" \/><input type=\"hidden\" name=\"_wpcf7_version\" value=\"6.1.4\" \/><input type=\"hidden\" name=\"_wpcf7_locale\" value=\"en_US\" \/><input type=\"hidden\" name=\"_wpcf7_unit_tag\" value=\"wpcf7-f3134-o1\" \/><input type=\"hidden\" name=\"_wpcf7_container_post\" value=\"0\" \/><input type=\"hidden\" name=\"_wpcf7_posted_data_hash\" value=\"\" \/><br \/>\n<\/fieldset>\n<p>\n<span class=\"wpcf7-form-control-wrap\" data-name=\"your-name\"><input size=\"40\" maxlength=\"400\" class=\"wpcf7-form-control wpcf7-text wpcf7-validates-as-required\" aria-required=\"true\" aria-invalid=\"false\" placeholder=\"Nom et pr\u00e9nom*\" value=\"\" type=\"text\" name=\"your-name\" \/><\/span>\n<\/p>\n<p>\n<span class=\"wpcf7-form-control-wrap\" data-name=\"your-email\"><input size=\"40\" maxlength=\"400\" class=\"wpcf7-form-control wpcf7-email wpcf7-validates-as-required wpcf7-text wpcf7-validates-as-email\" aria-required=\"true\" aria-invalid=\"false\" placeholder=\"Adresse Email*\" value=\"\" type=\"email\" name=\"your-email\" \/><\/span>\n<\/p>\n<p>\n<span class=\"wpcf7-form-control-wrap\" data-name=\"meal\"><select class=\"wpcf7-form-control wpcf7-select\" aria-invalid=\"false\" name=\"meal\"><option value=\"Pr\u00e9sence au vin d&#039;honneur ou Pr\u00e9f\u00e9rence de repas\">Pr\u00e9sence au vin d&#039;honneur ou Pr\u00e9f\u00e9rence de repas<\/option><option value=\"Vin d&#039;honneur uniquement\">Vin d&#039;honneur uniquement<\/option><option value=\"Viande\">Viande<\/option><option value=\"V\u00e9g\u00e9tarien\">V\u00e9g\u00e9tarien<\/option><\/select><\/span>\n<\/p>\n<p>\n<span class=\"wpcf7-form-control-wrap\" data-name=\"your-message\"><textarea cols=\"40\" rows=\"5\" maxlength=\"2000\" class=\"wpcf7-form-control wpcf7-textarea\" aria-invalid=\"false\" placeholder=\"Message et pr\u00e9cisions*\" name=\"your-message\"><\/textarea><\/span>\n<\/p>\n<p>\n<span class=\"wpcf7-form-control-wrap\" data-name=\"attend\"><span class=\"wpcf7-form-control wpcf7-radio\" id=\"attend\"><span class=\"wpcf7-list-item first\"><input type=\"radio\" name=\"attend\" value=\"Oui, je serais pr\u00e9sent\" checked=\"checked\" \/><span class=\"wpcf7-list-item-label\">Oui, je serais pr\u00e9sent<\/span><\/span><span class=\"wpcf7-list-item last\"><input type=\"radio\" name=\"attend\" value=\"D\u00e9sol\u00e9, je ne pourrais pas venir\" \/><span class=\"wpcf7-list-item-label\">D\u00e9sol\u00e9, je ne pourrais pas venir<\/span><\/span><\/span><\/span>\n<\/p>\n<p><input class=\"wpcf7-form-control wpcf7-submit has-spinner\" type=\"submit\" value=\"Valider\" \/>\n<\/p>\n<div class=\"wpcf7-response-output\" aria-hidden=\"true\"><\/div>\n<\/form>\n<\/div>\n<\/div>\n<\/div>\n<\/div>\n<\/div>\n<\/div>\n<\/div>\n<div  class=\"one withsmallpadding ppb_text\" style=\"text-align:center;padding:60px 0 60px 0;\" >\n<div class=\"standard_wrapper\">\n<div class=\"page_content_wrapper\">\n<div class=\"inner\">\n<div style=\"margin:auto;width:100%\">\n<p><img loading=\"lazy\" decoding=\"async\" class=\"alignnone wp-image-3617 size-medium\" src=\"https:\/\/www.mariage.milleliri.com\/wp-content\/uploads\/2026\/02\/signature-1.png\" alt=\"\" width=\"300\" height=\"65\" \/><\/p>\n<\/div>\n<\/div>\n<\/div>\n<\/div>\n<\/div>\n","protected":false},"excerpt":{"rendered":"<p>Il reste encore un peu de temps pour r\u00e9pondre Jo\u00eblle et Michel \u00a0 16 Mai 2026 Confirmez-nous votre pr\u00e9sence. Vous pouvez nous pr\u00e9cisez si vous souhaitez un plat v\u00e9g\u00e9tarien ou si vous avez une allergie. Vous pouvez \u00e9galement nous indiquer [&hellip;]<\/p>\n","protected":false},"author":1,"featured_media":0,"parent":0,"menu_order":0,"comment_status":"closed","ping_status":"closed","template":"","meta":{"_monsterinsights_skip_tracking":false,"_monsterinsights_sitenote_active":false,"_monsterinsights_sitenote_note":"","_monsterinsights_sitenote_category":0,"footnotes":""},"class_list":["post-3129","page","type-page","status-publish","hentry"],"aioseo_notices":[],"_links":{"self":[{"href":"https:\/\/www.mariage.milleliri.com\/index.php\/wp-json\/wp\/v2\/pages\/3129","targetHints":{"allow":["GET"]}}],"collection":[{"href":"https:\/\/www.mariage.milleliri.com\/index.php\/wp-json\/wp\/v2\/pages"}],"about":[{"href":"https:\/\/www.mariage.milleliri.com\/index.php\/wp-json\/wp\/v2\/types\/page"}],"author":[{"embeddable":true,"href":"https:\/\/www.mariage.milleliri.com\/index.php\/wp-json\/wp\/v2\/users\/1"}],"replies":[{"embeddable":true,"href":"https:\/\/www.mariage.milleliri.com\/index.php\/wp-json\/wp\/v2\/comments?post=3129"}],"version-history":[{"count":19,"href":"https:\/\/www.mariage.milleliri.com\/index.php\/wp-json\/wp\/v2\/pages\/3129\/revisions"}],"predecessor-version":[{"id":3848,"href":"https:\/\/www.mariage.milleliri.com\/index.php\/wp-json\/wp\/v2\/pages\/3129\/revisions\/3848"}],"wp:attachment":[{"href":"https:\/\/www.mariage.milleliri.com\/index.php\/wp-json\/wp\/v2\/media?parent=3129"}],"curies":[{"name":"wp","href":"https:\/\/api.w.org\/{rel}","templated":true}]}}