{"id":3214,"date":"2017-05-10T07:34:26","date_gmt":"2017-05-10T07:34:26","guid":{"rendered":"https:\/\/themes.themegoods.com\/grandwedding\/demo\/?page_id=3214"},"modified":"2026-02-22T22:00:53","modified_gmt":"2026-02-22T22:00:53","slug":"home-wedding-announcement-1","status":"publish","type":"page","link":"https:\/\/www.mariage.milleliri.com\/","title":{"rendered":"Accueil"},"content":{"rendered":"<div  class=\"ppb_image_half_boxed_fixed_width one\" style=\"margin-top:40px;margin-bottom:40px;\" >\n<div class=\"standard_wrapper\">\n<div class=\"page_content_wrapper\">\n<div class=\"inner\">\n<div class=\"one_half content_middle fixed\" style=\"padding:40px; text-align:center;min-height:380px;background-color:#ffffff;\">\n<div class=\"content_middle_wrapper\">\n<div class=\"content_middle_content\">\n<h2 class=\"ppb_title\" style=\"\">Bient\u00f4t le grand Jour<\/h2>\n<div class=\"ppb_header_content\">\n<blockquote style=\"font-size:20px;text-align:center;margin-bottom:20px;\">\n<p>Vous trouverez sur ce site les informations pratiques pour pr\u00e9parer votre venue<br \/>\nSi vous le souhaitez vous pouvez \u00e9galement nous confirmer votre pr\u00e9sence sur la page RSVP<\/p>\n<\/blockquote>\n<\/div>\n<\/div>\n<\/div>\n<\/div>\n<div class=\"one_half content_middle last\" style=\"background-image:url(https:\/\/www.mariage.milleliri.com\/wp-content\/uploads\/2026\/02\/IMG_8795.png);min-height:380px;\"><\/div>\n<p><br class=\"clear\"\/><\/div>\n<\/div>\n<\/div>\n<\/div>\n<div  class=\"one withsmallpadding ppb_countdown_image parallax \" style=\"background-position: center top;text-align:center;padding:40px 0 40px 0;color:#ffffff;\" >\n<div class=\"overlay_background\" style=\"background:#ffffff;background:rgb(255,255,255,0.3);background:rgba(255,255,255,0.3);\"><\/div>\n<div class=\"standard_wrapper\" style=\"positiona:relative;z-index:2;\">\n<div class=\"page_content_wrapper\">\n<div class=\"inner\">\n<div style=\"margin:auto;width:75%\">\n<h2 class=\"ppb_title\" style=\"color:#cf5813;\">Plus que<\/h2>\n<div class=\"ppb_header_content\">\n<div id=\"clock17717976531053624932\" data-date=\"2026-05-16\"><\/div>\n<\/div>\n<\/div>\n<\/div>\n<\/div>\n<\/div>\n<\/div>\n<div  class=\"ppb_image_half_boxed_fixed_width one\" style=\"margin-top:40px;margin-bottom:40px;\" >\n<div class=\"standard_wrapper\">\n<div class=\"page_content_wrapper\">\n<div class=\"inner\">\n<div class=\"one_half content_middle\" style=\"background-image:url(https:\/\/www.mariage.milleliri.com\/wp-content\/uploads\/2026\/02\/mairie_aix.jpg);min-height:380px;\"><\/div>\n<div class=\"one_half last content_middle fixed\" style=\"padding:40px;text-align:center;min-height:380px; background-color:#ffffff;\">\n<div class=\"content_middle_wrapper\">\n<div class=\"content_middle_content\">\n<h2 class=\"ppb_title\" style=\"\">Mariage civil<\/h2>\n<div class=\"page_tagline\" style=\"\">Mairie d&#039;Aix en Provence \u00e0 15H<\/div>\n<div class=\"ppb_header_content\">\n<p>Nous vous invitons \u00e0 nous rejoindre \u00e0 partir de 14H45 devant la Mairie. <\/p>\n<p>Le parking le plus proche et le mieux situ\u00e9 pour ensuite rejoindre le lieu du mariage est le parking Pasteur.<\/p>\n<p>Pr\u00e9voyez 10 minutes de marche entre le parking et la Mairie.<\/p>\n<p>Si vous pr\u00e9f\u00e9rez vous \u00e9conomiser pour la suite de la journ\u00e9e, vous pouvez nous rejoindre \u00e0 l\u2019\u00e9tape suivante.<\/p>\n<p><h7><a href=\"https:\/\/www.mariage.milleliri.com\/index.php\/home-wedding-announcement-1\/google-maps\/\">Consulter la carte<\/a><\/h7><\/p>\n<\/div>\n<\/div>\n<\/div>\n<\/div>\n<p><br class=\"clear\"\/><\/div>\n<\/div>\n<\/div>\n<\/div>\n<div  class=\"one withsmallpadding ppb_text_image withbg parallax \" style=\"background-image:url(https:\/\/www.mariage.milleliri.com\/wp-content\/uploads\/2026\/01\/d4b9776a-62dc-4d6d-8309-29d1fb2cbe1c-e1769898767644.jpeg);background-position: center top;text-align:center;padding:280px 0 280px 0;color:#ffffff !important;\" >\n<div class=\"overlay_background\" style=\"background:#000000;background:rgb(0,0,0,0.2);background:rgba(0,0,0,0.2);\"><\/div>\n<div class=\"standard_wrapper\">\n<div class=\"page_content_wrapper\">\n<div class=\"inner\">\n<div style=\"margin:auto;width:100%\">\n<h1 style=\"color:#fff;font-size:46px;\">Jo\u00eblle<br \/>\net<br \/>\nMichel<\/h1>\n<h2 class=\"widgettitle\" style=\"color:#fff;border-color:#fff;margin-top:20px;\">16 Mai 2026<\/h2>\n<\/div>\n<\/div>\n<\/div>\n<\/div>\n<\/div>\n<div  class=\"ppb_image_half_boxed_fixed_width one\" style=\"margin-bottom:40px;\" >\n<div class=\"standard_wrapper\">\n<div class=\"page_content_wrapper\">\n<div class=\"inner\">\n<div class=\"one_half content_middle fixed\" style=\"padding:40px; text-align:center;min-height:380px;background-color:#ffffff;\">\n<div class=\"content_middle_wrapper\">\n<div class=\"content_middle_content\">\n<h2 class=\"ppb_title\" style=\"\">C\u00e9r\u00e9monie<\/h2>\n<div class=\"ppb_header_content\">\n<p>Nous vous accueillerons \u00e0 partir de 16H00 au Ch\u00e2teau Val Joanis. 2404 Route de Villelaure, 84120 Pertuis<\/p>\n<p>La c\u00e9r\u00e9monie se d\u00e9roulera dans les jardins si le temps le permet. <\/p>\n<p><h7><a href=\"https:\/\/www.mariage.milleliri.com\/index.php\/home-wedding-announcement-1\/google-maps\/\">Consulter la carte<\/a><\/h7><\/p>\n<\/div>\n<\/div>\n<\/div>\n<\/div>\n<div class=\"one_half content_middle last\" style=\"background-image:url(https:\/\/www.mariage.milleliri.com\/wp-content\/uploads\/2026\/02\/image000000-e1771797645686.jpeg);min-height:380px;\"><\/div>\n<p><br class=\"clear\"\/><\/div>\n<\/div>\n<\/div>\n<\/div>\n<div  class=\"ppb_image_half_boxed_fixed_width one\" style=\"margin-top:40px;margin-bottom:40px;\" >\n<div class=\"standard_wrapper\">\n<div class=\"page_content_wrapper\">\n<div class=\"inner\">\n<div class=\"one_half content_middle\" style=\"background-image:url(https:\/\/www.mariage.milleliri.com\/wp-content\/uploads\/2026\/02\/vin_honneur.jpg);min-height:380px;\"><\/div>\n<div class=\"one_half last content_middle fixed\" style=\"padding:40px;text-align:center;min-height:380px; background-color:#ffffff;\">\n<div class=\"content_middle_wrapper\">\n<div class=\"content_middle_content\">\n<h2 class=\"ppb_title\" style=\"\">Le vin d&#039;honneur<\/h2>\n<div class=\"ppb_header_content\">\n<p>Apr\u00e8s une courte s\u00e9ance photos, nous aurons le plaisir de partager ensemble un vin d&rsquo;honneur \u00e0 partir de 18H00.<\/p>\n<\/div>\n<\/div>\n<\/div>\n<\/div>\n<p><br class=\"clear\"\/><\/div>\n<\/div>\n<\/div>\n<\/div>\n<div  class=\"ppb_image_half_boxed_fixed_width one\" style=\"margin-bottom:40px;\" >\n<div class=\"standard_wrapper\">\n<div class=\"page_content_wrapper\">\n<div class=\"inner\">\n<div class=\"one_half content_middle fixed\" style=\"padding:40px; text-align:center;min-height:380px;background-color:#ffffff;\">\n<div class=\"content_middle_wrapper\">\n<div class=\"content_middle_content\">\n<h2 class=\"ppb_title\" style=\"\">Le repas<\/h2>\n<div class=\"ppb_header_content\">\n<p>Le repas sera servi \u00e0 21H dans la salle de r\u00e9ception. <\/p>\n<\/div>\n<\/div>\n<\/div>\n<\/div>\n<div class=\"one_half content_middle last\" style=\"background-image:url(https:\/\/www.mariage.milleliri.com\/wp-content\/uploads\/2017\/02\/24681606571_e9f3d33715_k-1.jpg);min-height:380px;\"><\/div>\n<p><br class=\"clear\"\/><\/div>\n<\/div>\n<\/div>\n<\/div>\n<div  class=\"one withsmallpadding ppb_header parallax withbg \" style=\"background-image:url(https:\/\/www.mariage.milleliri.com\/wp-content\/uploads\/2017\/05\/tamara-menzi-224980.jpg);background-position: center top;text-align:center;padding:285px 0 285px 0;color:#ffffff;\" >\n<div class=\"overlay_background\" style=\"background:#000000;background:rgb(0,0,0,0.2);background:rgba(0,0,0,0.2);\"><\/div>\n<div class=\"standard_wrapper\">\n<div class=\"page_content_wrapper\">\n<div class=\"inner\">\n<div style=\"margin:auto;width:100%\">\n<h2 class=\"ppb_title\" style=\"color:#ffffff;\">On compte sur vous<\/h2>\n<div class=\"page_tagline\" style=\"color:#ffffff;\">Confirmez votre pr\u00e9sence. <\/div>\n<\/div>\n<\/div>\n<\/div>\n<\/div>\n<\/div>\n<div  class=\"one withsmallpadding ppb_contact_box \" style=\"text-align:center;margin-top:-150px;\" >\n<div class=\"standard_wrapper\">\n<div class=\"page_content_wrapper\">\n<div class=\"inner\">\n<div class=\"inner_box parallax\" style=\"width:65%;margin:auto;background:#ffffff;border:10px solid #ffffff;padding:40px;\" data-stellar-ratio=\"1.2\">\n<div class=\"ppb_header_content\">\n<h1>On vous attend<\/h1>\n<p>Confirmez-nous votre pr\u00e9sence.<br \/>\nVous pouvez nous pr\u00e9cisez si vous souhaitez un plat v\u00e9g\u00e9tarien ou si vous avez une allergie.<br \/>\nVous pouvez \u00e9galement nous indiquer si vous venez avec vos enfants en pr\u00e9cisant leur \u00e2ge pour que le menu des tout-petits et des ados soit adapt\u00e9. <\/p>\n<\/div>\n<div class=\"contact_form7_wrapper\">\n<div class=\"wpcf7 no-js\" id=\"wpcf7-f3134-o1\" lang=\"en-US\" dir=\"ltr\" data-wpcf7-id=\"3134\">\n<div class=\"screen-reader-response\">\n<p role=\"status\" aria-live=\"polite\" aria-atomic=\"true\">\n<ul><\/ul>\n<\/div>\n<form action=\"\/wp-admin\/post.php#wpcf7-f3134-o1\" method=\"post\" class=\"wpcf7-form init\" aria-label=\"Contact form\" novalidate=\"novalidate\" data-status=\"init\">\n<fieldset class=\"hidden-fields-container\"><input type=\"hidden\" name=\"_wpcf7\" value=\"3134\" \/><input type=\"hidden\" name=\"_wpcf7_version\" value=\"6.1.5\" \/><input type=\"hidden\" name=\"_wpcf7_locale\" value=\"en_US\" \/><input type=\"hidden\" name=\"_wpcf7_unit_tag\" value=\"wpcf7-f3134-o1\" \/><input type=\"hidden\" name=\"_wpcf7_container_post\" value=\"0\" \/><input type=\"hidden\" name=\"_wpcf7_posted_data_hash\" value=\"\" \/><br \/>\n<\/fieldset>\n<p>\n<span class=\"wpcf7-form-control-wrap\" data-name=\"your-name\"><input size=\"40\" maxlength=\"400\" class=\"wpcf7-form-control wpcf7-text wpcf7-validates-as-required\" aria-required=\"true\" aria-invalid=\"false\" placeholder=\"Nom et pr\u00e9nom*\" value=\"\" type=\"text\" name=\"your-name\" \/><\/span>\n<\/p>\n<p>\n<span class=\"wpcf7-form-control-wrap\" data-name=\"your-email\"><input size=\"40\" maxlength=\"400\" class=\"wpcf7-form-control wpcf7-email wpcf7-validates-as-required wpcf7-text wpcf7-validates-as-email\" aria-required=\"true\" aria-invalid=\"false\" placeholder=\"Adresse Email*\" value=\"\" type=\"email\" name=\"your-email\" \/><\/span>\n<\/p>\n<p>\n<span class=\"wpcf7-form-control-wrap\" data-name=\"meal\"><select class=\"wpcf7-form-control wpcf7-select\" aria-invalid=\"false\" name=\"meal\"><option value=\"Pr\u00e9sence au vin d&#039;honneur ou Pr\u00e9f\u00e9rence de repas\">Pr\u00e9sence au vin d&#039;honneur ou Pr\u00e9f\u00e9rence de repas<\/option><option value=\"Vin d&#039;honneur uniquement\">Vin d&#039;honneur uniquement<\/option><option value=\"Viande\">Viande<\/option><option value=\"V\u00e9g\u00e9tarien\">V\u00e9g\u00e9tarien<\/option><\/select><\/span>\n<\/p>\n<p>\n<span class=\"wpcf7-form-control-wrap\" data-name=\"your-message\"><textarea cols=\"40\" rows=\"5\" maxlength=\"2000\" class=\"wpcf7-form-control wpcf7-textarea\" aria-invalid=\"false\" placeholder=\"Message et pr\u00e9cisions*\" name=\"your-message\"><\/textarea><\/span>\n<\/p>\n<p>\n<span class=\"wpcf7-form-control-wrap\" data-name=\"attend\"><span class=\"wpcf7-form-control wpcf7-radio\" id=\"attend\"><span class=\"wpcf7-list-item first\"><input type=\"radio\" name=\"attend\" value=\"Oui, je serai pr\u00e9sent(e)\" checked=\"checked\" \/><span class=\"wpcf7-list-item-label\">Oui, je serai pr\u00e9sent(e)<\/span><\/span><span class=\"wpcf7-list-item last\"><input type=\"radio\" name=\"attend\" value=\"D\u00e9sol\u00e9, je ne pourrai pas venir\" \/><span class=\"wpcf7-list-item-label\">D\u00e9sol\u00e9, je ne pourrai pas venir<\/span><\/span><\/span><\/span>\n<\/p>\n<p><input class=\"wpcf7-form-control wpcf7-submit has-spinner\" type=\"submit\" value=\"Valider\" \/>\n<\/p>\n<div class=\"wpcf7-response-output\" aria-hidden=\"true\"><\/div>\n<\/form>\n<\/div>\n<\/div>\n<\/div>\n<\/div>\n<\/div>\n<\/div>\n<\/div>\n<div  class=\"one withsmallpadding ppb_text\" style=\"text-align:center;padding:60px 0 60px 0;\" >\n<div class=\"standard_wrapper\">\n<div class=\"page_content_wrapper\">\n<div class=\"inner\">\n<div style=\"margin:auto;width:100%\">\n<p><img loading=\"lazy\" decoding=\"async\" class=\"alignnone wp-image-3617 size-medium\" src=\"https:\/\/www.mariage.milleliri.com\/wp-content\/uploads\/2026\/02\/signature-1.png\" alt=\"\" width=\"300\" height=\"65\" \/><\/p>\n<\/div>\n<\/div>\n<\/div>\n<\/div>\n<\/div>\n","protected":false},"excerpt":{"rendered":"<p>Bient\u00f4t le grand Jour Vous trouverez sur ce site les informations pratiques pour pr\u00e9parer votre venue Si vous le souhaitez vous pouvez \u00e9galement nous confirmer votre pr\u00e9sence sur la page RSVP Plus que Mariage civil Mairie d&#039;Aix en Provence \u00e0 [&hellip;]<\/p>\n","protected":false},"author":1,"featured_media":0,"parent":0,"menu_order":0,"comment_status":"closed","ping_status":"closed","template":"","meta":{"_monsterinsights_skip_tracking":false,"_monsterinsights_sitenote_active":false,"_monsterinsights_sitenote_note":"","_monsterinsights_sitenote_category":0,"footnotes":""},"class_list":["post-3214","page","type-page","status-publish","hentry"],"aioseo_notices":[],"_links":{"self":[{"href":"https:\/\/www.mariage.milleliri.com\/index.php\/wp-json\/wp\/v2\/pages\/3214","targetHints":{"allow":["GET"]}}],"collection":[{"href":"https:\/\/www.mariage.milleliri.com\/index.php\/wp-json\/wp\/v2\/pages"}],"about":[{"href":"https:\/\/www.mariage.milleliri.com\/index.php\/wp-json\/wp\/v2\/types\/page"}],"author":[{"embeddable":true,"href":"https:\/\/www.mariage.milleliri.com\/index.php\/wp-json\/wp\/v2\/users\/1"}],"replies":[{"embeddable":true,"href":"https:\/\/www.mariage.milleliri.com\/index.php\/wp-json\/wp\/v2\/comments?post=3214"}],"version-history":[{"count":65,"href":"https:\/\/www.mariage.milleliri.com\/index.php\/wp-json\/wp\/v2\/pages\/3214\/revisions"}],"predecessor-version":[{"id":3870,"href":"https:\/\/www.mariage.milleliri.com\/index.php\/wp-json\/wp\/v2\/pages\/3214\/revisions\/3870"}],"wp:attachment":[{"href":"https:\/\/www.mariage.milleliri.com\/index.php\/wp-json\/wp\/v2\/media?parent=3214"}],"curies":[{"name":"wp","href":"https:\/\/api.w.org\/{rel}","templated":true}]}}