{"id":3261,"date":"2017-05-11T08:56:39","date_gmt":"2017-05-11T08:56:39","guid":{"rendered":"https:\/\/themes.themegoods.com\/grandwedding\/demo\/?page_id=3261"},"modified":"2026-02-05T20:19:32","modified_gmt":"2026-02-05T20:19:32","slug":"infos-faq","status":"publish","type":"page","link":"https:\/\/www.mariage.milleliri.com\/index.php\/infos-faq\/","title":{"rendered":"Infos Pratiques et FAQ"},"content":{"rendered":"<div  class=\"one withsmallpadding ppb_header \" style=\"text-align:center;padding:40px 0 40px 0;\" >\n<div class=\"standard_wrapper\">\n<div class=\"page_content_wrapper\">\n<div class=\"inner\">\n<div style=\"margin:auto;width:100%\">\n<h2 class=\"ppb_title\" style=\"\">Infos pratiques et FAQ<\/h2>\n<\/div>\n<\/div>\n<\/div>\n<\/div>\n<\/div>\n<div  class=\"ppb_image_half_boxed_fixed_width one\" style=\"margin-top:40px;margin-bottom:40px;\" >\n<div class=\"standard_wrapper\">\n<div class=\"page_content_wrapper\">\n<div class=\"inner\">\n<div class=\"one_half content_middle fixed\" style=\"padding:40px; text-align:left;min-height:380px;background-color:#ffffff;\">\n<div class=\"content_middle_wrapper\">\n<div class=\"content_middle_content\">\n<h2 class=\"ppb_title\" style=\"color:#000000;\">Acc\u00e8s et H\u00e9bergement<\/h2>\n<div class=\"ppb_header_content\">\n<p>Voici quelques informations pratiques sur les transports :<br \/>\n&#8211; la gare TGV d&rsquo;Aix En Provence est \u00e0 19 minutes de la Mairie, \u00e0 34 minutes du Ch\u00e2teau Val Joanis,<br \/>\n&#8211; l&rsquo;a\u00e9roport de Marseille-Marignane est \u00e0 25 minutes de la Mairie, \u00e0 40 minutes du Ch\u00e2teau Val Joanis,<br \/>\n&#8211; la Mairie est \u00e0 10 minutes de marche du parking Pasteur qui est le plus pratique et le plus proche, il faut pr\u00e9voir 25 minutes de route entre le parking et le Ch\u00e2teau Val Joanis,<br \/>\n&#8211; Les transports en commun desservent la Mairie mais pas le Ch\u00e2teau Val Joanis situ\u00e9 en campagne,<br \/>\n&#8211; Entre la Mairie et le Ch\u00e2teau Val Joanis vous pouvez emprunter soit l&rsquo;autoroute A51 en direction de GAP et utiliser la sortie 15 \u00ab\u00a0Pertuis\u00a0\u00bb, soit la D556. <\/p>\n<p>Si vous souhaitez r\u00e9server un h\u00e9bergement, nous vous conseillons d&rsquo;orienter vos recherches autour de Pertuis, La Tour d&rsquo;Aigues, Cadenet et les environs. <\/p>\n<p><h7><a href=\"https:\/\/www.mariage.milleliri.com\/index.php\/home-wedding-announcement-1\/les-lieux\/\">Lieux \u00e0 retenir<\/a><\/h7><\/p>\n<\/div>\n<\/div>\n<\/div>\n<\/div>\n<div class=\"one_half content_middle last\" style=\"background-image:url(https:\/\/www.mariage.milleliri.com\/wp-content\/uploads\/2026\/02\/Transporthebergement.jpeg);min-height:380px;\"><\/div>\n<p><br class=\"clear\"\/><\/div>\n<\/div>\n<\/div>\n<\/div>\n<div  class=\"ppb_image_half_boxed_fixed_width one\" style=\"margin-top:40px;margin-bottom:40px;\" >\n<div class=\"standard_wrapper\">\n<div class=\"page_content_wrapper\">\n<div class=\"inner\">\n<div class=\"one_half content_middle fixed\" style=\"padding:40px; text-align:left;min-height:380px;background-color:#ffffff;\">\n<div class=\"content_middle_wrapper\">\n<div class=\"content_middle_content\">\n<h2 class=\"ppb_title\" style=\"color:#000000;\">FAQ<\/h2>\n<div class=\"ppb_header_content\">\n<p>&#8211; Pr\u00e9voyez vous un dress-code ?<br \/>\nPas de dress-code, on vous d\u00e9conseille juste les talons aiguilles qui risqueraient de s&rsquo;enfoncer dans le jardin.<\/p>\n<p>&#8211; Comment fait-on pour les tout-petits ?<br \/>\nNous envisageons des nounous pour les moins de 6 ans, pensez \u00e0 nous pr\u00e9ciser l&rsquo;\u00e2ge des enfants si vous venez en leur compagnie.<\/p>\n<p>&#8211; Vous avez fait une liste de mariage ?<br \/>\nNous n&rsquo;avons pas pr\u00e9vu de liste de mariage. <\/p>\n<\/div>\n<\/div>\n<\/div>\n<\/div>\n<div class=\"one_half content_middle last\" style=\"background-image:url(https:\/\/www.mariage.milleliri.com\/wp-content\/uploads\/2026\/02\/faq-lettre-sur-des-cubes-de-blocs-sur-une-table-en-bois-sur-un-arbre-vert-flou-dans-le-parc.jpeg);min-height:380px;\"><\/div>\n<p><br class=\"clear\"\/><\/div>\n<\/div>\n<\/div>\n<\/div>\n<div  class=\"one withsmallpadding ppb_text\" style=\"padding:40px;\" >\n<\/div>\n","protected":false},"excerpt":{"rendered":"<p>Infos pratiques et FAQ Acc\u00e8s et H\u00e9bergement Voici quelques informations pratiques sur les transports : &#8211; la gare TGV d&rsquo;Aix En Provence est \u00e0 19 minutes de la Mairie, \u00e0 34 minutes du Ch\u00e2teau Val Joanis, &#8211; l&rsquo;a\u00e9roport de Marseille-Marignane [&hellip;]<\/p>\n","protected":false},"author":1,"featured_media":0,"parent":0,"menu_order":0,"comment_status":"closed","ping_status":"closed","template":"","meta":{"_monsterinsights_skip_tracking":false,"_monsterinsights_sitenote_active":false,"_monsterinsights_sitenote_note":"","_monsterinsights_sitenote_category":0,"footnotes":""},"class_list":["post-3261","page","type-page","status-publish","hentry"],"aioseo_notices":[],"_links":{"self":[{"href":"https:\/\/www.mariage.milleliri.com\/index.php\/wp-json\/wp\/v2\/pages\/3261","targetHints":{"allow":["GET"]}}],"collection":[{"href":"https:\/\/www.mariage.milleliri.com\/index.php\/wp-json\/wp\/v2\/pages"}],"about":[{"href":"https:\/\/www.mariage.milleliri.com\/index.php\/wp-json\/wp\/v2\/types\/page"}],"author":[{"embeddable":true,"href":"https:\/\/www.mariage.milleliri.com\/index.php\/wp-json\/wp\/v2\/users\/1"}],"replies":[{"embeddable":true,"href":"https:\/\/www.mariage.milleliri.com\/index.php\/wp-json\/wp\/v2\/comments?post=3261"}],"version-history":[{"count":41,"href":"https:\/\/www.mariage.milleliri.com\/index.php\/wp-json\/wp\/v2\/pages\/3261\/revisions"}],"predecessor-version":[{"id":3863,"href":"https:\/\/www.mariage.milleliri.com\/index.php\/wp-json\/wp\/v2\/pages\/3261\/revisions\/3863"}],"wp:attachment":[{"href":"https:\/\/www.mariage.milleliri.com\/index.php\/wp-json\/wp\/v2\/media?parent=3261"}],"curies":[{"name":"wp","href":"https:\/\/api.w.org\/{rel}","templated":true}]}}